{"id":1144,"date":"2020-05-05T15:15:22","date_gmt":"2020-05-05T13:15:22","guid":{"rendered":"http:\/\/studioennd.rs\/about-us\/"},"modified":"2020-05-11T15:29:36","modified_gmt":"2020-05-11T13:29:36","slug":"about-us","status":"publish","type":"page","link":"https:\/\/studioennd.rs\/en\/about-us\/","title":{"rendered":"About"},"content":{"rendered":"<div class=\"wpb-content-wrapper\"><p>[vc_row css_animation=&#8221;&#8221; row_type=&#8221;row&#8221; use_row_as_full_screen_section=&#8221;no&#8221; type=&#8221;grid&#8221; angled_section=&#8221;no&#8221; text_align=&#8221;left&#8221; background_image_as_pattern=&#8221;without_pattern&#8221; z_index=&#8221;&#8221;][vc_column width=&#8221;1\/2&#8243;][vc_single_image image=&#8221;1120&#8243; img_size=&#8221;large&#8221; qode_css_animation=&#8221;element_from_fade&#8221; css=&#8221;.vc_custom_1589045319555{padding-bottom: 80px !important;}&#8221;][\/vc_column][vc_column width=&#8221;1\/2&#8243; css=&#8221;.vc_custom_1589031498663{padding-top: 40px !important;}&#8221;][vc_column_text css=&#8221;.vc_custom_1589203775914{padding-bottom: 20px !important;}&#8221;]<\/p>\n<h2>Studio ENND<\/h2>\n<h3>Architectural Studio Ne\u0161i\u0107 + Nedeljkovi\u0107<\/h3>\n<p>[\/vc_column_text][vc_column_text css=&#8221;.vc_custom_1589033605987{margin-right: 100px !important;padding-bottom: 10px !important;}&#8221;]<\/p>\n<p class=\"p1\">The architectural studio ENND was founded in 2006 by two Belgrade architects, Ela Ne\u0161i\u0107 and Danilo Nedeljkovi\u0107. The concept behind their studio is to embrace a creative approach through original ideas and techniques in architecture and construction.<\/p>\n<p>[\/vc_column_text][vc_column_text css=&#8221;.vc_custom_1589033685537{margin-right: 100px !important;padding-bottom: 10px !important;}&#8221;]<\/p>\n<p class=\"p1\">The studio portfolio presents numerous examples, from interiors and reconstructions, to large individual projects and collaborations with other colleagues and offices.<\/p>\n<p>[\/vc_column_text][vc_column_text css=&#8221;.vc_custom_1589033696895{margin-right: 100px !important;padding-bottom: 10px !important;}&#8221;]<\/p>\n<p class=\"p1\">ENND have received acclaim for their work with several awards and been recognized in international and domestic competitions and exhibitions.Examples of their projects have also been published in architectural journals, international publications, web sites as well as represented on a large number of exhibitions.<\/p>\n<p>[\/vc_column_text][\/vc_column][\/vc_row]<\/p>\n<\/div>","protected":false},"excerpt":{"rendered":"<p>[vc_row css_animation=&#8221;&#8221; row_type=&#8221;row&#8221; use_row_as_full_screen_section=&#8221;no&#8221; type=&#8221;grid&#8221; angled_section=&#8221;no&#8221; text_align=&#8221;left&#8221; background_image_as_pattern=&#8221;without_pattern&#8221; z_index=&#8221;&#8221;][vc_column width=&#8221;1\/2&#8243;][vc_single_image image=&#8221;1120&#8243; img_size=&#8221;large&#8221; qode_css_animation=&#8221;element_from_fade&#8221; css=&#8221;.vc_custom_1589045319555{padding-bottom: 80px !important;}&#8221;][\/vc_column][vc_column width=&#8221;1\/2&#8243; css=&#8221;.vc_custom_1589031498663{padding-top: 40px !important;}&#8221;][vc_column_text css=&#8221;.vc_custom_1589203775914{padding-bottom: 20px !important;}&#8221;] Studio ENND Architectural Studio Ne\u0161i\u0107 + Nedeljkovi\u0107 [\/vc_column_text][vc_column_text css=&#8221;.vc_custom_1589033605987{margin-right: 100px !important;padding-bottom: 10px !important;}&#8221;] The architectural studio ENND was founded in 2006 by&#8230;<\/p>\n","protected":false},"author":1,"featured_media":1121,"parent":0,"menu_order":0,"comment_status":"closed","ping_status":"closed","template":"full_width.php","meta":{"_monsterinsights_skip_tracking":false,"_monsterinsights_sitenote_active":false,"_monsterinsights_sitenote_note":"","_monsterinsights_sitenote_category":0,"footnotes":""},"_links":{"self":[{"href":"https:\/\/studioennd.rs\/en\/wp-json\/wp\/v2\/pages\/1144"}],"collection":[{"href":"https:\/\/studioennd.rs\/en\/wp-json\/wp\/v2\/pages"}],"about":[{"href":"https:\/\/studioennd.rs\/en\/wp-json\/wp\/v2\/types\/page"}],"author":[{"embeddable":true,"href":"https:\/\/studioennd.rs\/en\/wp-json\/wp\/v2\/users\/1"}],"replies":[{"embeddable":true,"href":"https:\/\/studioennd.rs\/en\/wp-json\/wp\/v2\/comments?post=1144"}],"version-history":[{"count":11,"href":"https:\/\/studioennd.rs\/en\/wp-json\/wp\/v2\/pages\/1144\/revisions"}],"predecessor-version":[{"id":1184,"href":"https:\/\/studioennd.rs\/en\/wp-json\/wp\/v2\/pages\/1144\/revisions\/1184"}],"wp:featuredmedia":[{"embeddable":true,"href":"https:\/\/studioennd.rs\/en\/wp-json\/wp\/v2\/media\/1121"}],"wp:attachment":[{"href":"https:\/\/studioennd.rs\/en\/wp-json\/wp\/v2\/media?parent=1144"}],"curies":[{"name":"wp","href":"https:\/\/api.w.org\/{rel}","templated":true}]}}